{"id":1000,"date":"2025-09-30T19:42:01","date_gmt":"2025-09-30T19:42:01","guid":{"rendered":"https:\/\/ms2lauf.de\/?page_id=1000"},"modified":"2025-09-30T19:43:26","modified_gmt":"2025-09-30T19:43:26","slug":"praktikum-an-der-ms-ii-lauf","status":"publish","type":"page","link":"https:\/\/ms2lauf.de\/?page_id=1000","title":{"rendered":"Praktikum an der MS II Lauf"},"content":{"rendered":"\n<p><strong>Orientierungspraktikum an unserer Schule<\/strong><\/p>\n\n\n\n<p>Studierende, die ihr Orientierungspraktikum an unserer Schule absolvieren m\u00f6chten, schicken bitte eine E-Mail an unsere Schuladresse. Die Anfrage sollte folgende Informationen enthalten:<\/p>\n\n\n\n<ul>\n<li>einen kurzen Lebenslauf<\/li>\n\n\n\n<li>Angaben zum Studiengang und zur F\u00e4cherkombination<\/li>\n\n\n\n<li>den gew\u00fcnschten Zeitraum des Praktikums<\/li>\n<\/ul>\n\n\n\n<p>Bitte senden Sie Ihre Anfrage mindestens drei Wochen vor Beginn des Praktikums, damit wir ausreichend Zeit haben, einen passenden Stundenplan zu erstellen.<\/p>\n\n\n\n<p>Wir bitten au\u00dferdem darum, dass Sie in der Woche vor Praktikumsbeginn pers\u00f6nlich in der Schule vorbeikommen, um letzte organisatorische Fragen zu kl\u00e4ren.<\/p>\n\n\n\n<p>Wir freuen uns auf Ihre Bewerbung!<\/p>\n","protected":false},"excerpt":{"rendered":"<p>Orientierungspraktikum an unserer Schule Studierende, die ihr Orientierungspraktikum an unserer Schule absolvieren m\u00f6chten, schicken bitte eine E-Mail an unsere Schuladresse. &hellip; <\/p>\n","protected":false},"author":8,"featured_media":0,"parent":0,"menu_order":0,"comment_status":"closed","ping_status":"closed","template":"","meta":{"footnotes":""},"_links":{"self":[{"href":"https:\/\/ms2lauf.de\/index.php?rest_route=\/wp\/v2\/pages\/1000"}],"collection":[{"href":"https:\/\/ms2lauf.de\/index.php?rest_route=\/wp\/v2\/pages"}],"about":[{"href":"https:\/\/ms2lauf.de\/index.php?rest_route=\/wp\/v2\/types\/page"}],"author":[{"embeddable":true,"href":"https:\/\/ms2lauf.de\/index.php?rest_route=\/wp\/v2\/users\/8"}],"replies":[{"embeddable":true,"href":"https:\/\/ms2lauf.de\/index.php?rest_route=%2Fwp%2Fv2%2Fcomments&post=1000"}],"version-history":[{"count":2,"href":"https:\/\/ms2lauf.de\/index.php?rest_route=\/wp\/v2\/pages\/1000\/revisions"}],"predecessor-version":[{"id":1003,"href":"https:\/\/ms2lauf.de\/index.php?rest_route=\/wp\/v2\/pages\/1000\/revisions\/1003"}],"wp:attachment":[{"href":"https:\/\/ms2lauf.de\/index.php?rest_route=%2Fwp%2Fv2%2Fmedia&parent=1000"}],"curies":[{"name":"wp","href":"https:\/\/api.w.org\/{rel}","templated":true}]}}