{"id":13,"date":"2020-02-04T18:50:30","date_gmt":"2020-02-04T18:50:30","guid":{"rendered":"http:\/\/ms2lauf.de\/?page_id=13"},"modified":"2020-02-07T09:44:25","modified_gmt":"2020-02-07T09:44:25","slug":"unsere-schule","status":"publish","type":"page","link":"https:\/\/ms2lauf.de\/?page_id=13","title":{"rendered":"Unsere Schule"},"content":{"rendered":"\n<p>W\u00e4hlen Sie eines der Untermen\u00fcs um mehr \u00fcber unsere Schule zu erfahren.<\/p>\n","protected":false},"excerpt":{"rendered":"<p>W\u00e4hlen Sie eines der Untermen\u00fcs um mehr \u00fcber unsere Schule zu erfahren.<\/p>\n","protected":false},"author":1,"featured_media":0,"parent":0,"menu_order":0,"comment_status":"closed","ping_status":"closed","template":"","meta":{"footnotes":""},"_links":{"self":[{"href":"https:\/\/ms2lauf.de\/index.php?rest_route=\/wp\/v2\/pages\/13"}],"collection":[{"href":"https:\/\/ms2lauf.de\/index.php?rest_route=\/wp\/v2\/pages"}],"about":[{"href":"https:\/\/ms2lauf.de\/index.php?rest_route=\/wp\/v2\/types\/page"}],"author":[{"embeddable":true,"href":"https:\/\/ms2lauf.de\/index.php?rest_route=\/wp\/v2\/users\/1"}],"replies":[{"embeddable":true,"href":"https:\/\/ms2lauf.de\/index.php?rest_route=%2Fwp%2Fv2%2Fcomments&post=13"}],"version-history":[{"count":3,"href":"https:\/\/ms2lauf.de\/index.php?rest_route=\/wp\/v2\/pages\/13\/revisions"}],"predecessor-version":[{"id":445,"href":"https:\/\/ms2lauf.de\/index.php?rest_route=\/wp\/v2\/pages\/13\/revisions\/445"}],"wp:attachment":[{"href":"https:\/\/ms2lauf.de\/index.php?rest_route=%2Fwp%2Fv2%2Fmedia&parent=13"}],"curies":[{"name":"wp","href":"https:\/\/api.w.org\/{rel}","templated":true}]}}