{"id":18,"date":"2020-02-04T18:50:30","date_gmt":"2020-02-04T18:50:30","guid":{"rendered":"http:\/\/ms2lauf.de\/?page_id=18"},"modified":"2020-02-07T09:43:17","modified_gmt":"2020-02-07T09:43:17","slug":"team","status":"publish","type":"page","link":"https:\/\/ms2lauf.de\/?page_id=18","title":{"rendered":"Team"},"content":{"rendered":"\n<p>W\u00e4hlen Sie eines der Untermen\u00fcs, um mehr Informationen \u00fcber die Menschen zu erfahren, die an der Bertleinschule t\u00e4tig sind.<\/p>\n","protected":false},"excerpt":{"rendered":"<p>W\u00e4hlen Sie eines der Untermen\u00fcs, um mehr Informationen \u00fcber die Menschen zu erfahren, die an der Bertleinschule t\u00e4tig sind.<\/p>\n","protected":false},"author":1,"featured_media":0,"parent":0,"menu_order":0,"comment_status":"closed","ping_status":"closed","template":"","meta":{"footnotes":""},"_links":{"self":[{"href":"https:\/\/ms2lauf.de\/index.php?rest_route=\/wp\/v2\/pages\/18"}],"collection":[{"href":"https:\/\/ms2lauf.de\/index.php?rest_route=\/wp\/v2\/pages"}],"about":[{"href":"https:\/\/ms2lauf.de\/index.php?rest_route=\/wp\/v2\/types\/page"}],"author":[{"embeddable":true,"href":"https:\/\/ms2lauf.de\/index.php?rest_route=\/wp\/v2\/users\/1"}],"replies":[{"embeddable":true,"href":"https:\/\/ms2lauf.de\/index.php?rest_route=%2Fwp%2Fv2%2Fcomments&post=18"}],"version-history":[{"count":2,"href":"https:\/\/ms2lauf.de\/index.php?rest_route=\/wp\/v2\/pages\/18\/revisions"}],"predecessor-version":[{"id":117,"href":"https:\/\/ms2lauf.de\/index.php?rest_route=\/wp\/v2\/pages\/18\/revisions\/117"}],"wp:attachment":[{"href":"https:\/\/ms2lauf.de\/index.php?rest_route=%2Fwp%2Fv2%2Fmedia&parent=18"}],"curies":[{"name":"wp","href":"https:\/\/api.w.org\/{rel}","templated":true}]}}