{"id":25,"date":"2020-02-04T18:50:30","date_gmt":"2020-02-04T18:50:30","guid":{"rendered":"http:\/\/ms2lauf.de\/?page_id=25"},"modified":"2025-10-31T20:36:27","modified_gmt":"2025-10-31T20:36:27","slug":"jugendarbeit","status":"publish","type":"page","link":"https:\/\/ms2lauf.de\/?page_id=25","title":{"rendered":"Jugendsozialarbeit an der Bertlein-Mittelschule"},"content":{"rendered":"<div class=\"wp-block-image\">\n<figure class=\"alignright size-full is-resized\"><img loading=\"lazy\" decoding=\"async\" width=\"279\" height=\"189\" src=\"https:\/\/ms2lauf.de\/wp-content\/uploads\/2025\/09\/image.png\" alt=\"\" class=\"wp-image-993\" style=\"width:156px;height:auto\"\/><\/figure><\/div>\n\n\n<h1 class=\"wp-block-heading\"><strong>Liebe Sch\u00fclerinnen und Sch\u00fcler,<\/strong> <strong>liebe Eltern und Erziehungsberechtigte,<\/strong><\/h1>\n\n\n\n<p>immer wieder f\u00fchlen sich Sch\u00fclerinnen und Sch\u00fcler mit bestimmten Themen oder Situationen im Alltag \u00fcberfordert. Dann bietet die Jugendsozialarbeit an Schulen (JaS) unkompliziert im allt\u00e4glichen Lebensfeld Schule den Kindern und Jugendlichen Hilfestellung an.<br>JaS richtet sich dabei mit ihrem Angebot nicht nur an Sch\u00fclerinnen und Sch\u00fcler, sondern bei Bedarf auch an die Familien und Lehrerkr\u00e4fte.<\/p>\n\n\n\n<p>Gerne m\u00f6chte ich mich kurz vorstellen:<\/p>\n\n\n\n<p>Elisabeth Depannemaecker <\/p>\n\n\n<div class=\"wp-block-image\">\n<figure class=\"alignright size-full\"><img loading=\"lazy\" decoding=\"async\" width=\"164\" height=\"211\" src=\"https:\/\/ms2lauf.de\/wp-content\/uploads\/2025\/09\/image-1.png\" alt=\"\" class=\"wp-image-994\"\/><\/figure><\/div>\n\n\n<p>Tel.: \u00a0\u00a0\u00a0\u00a0 \u00a0\u00a0\u00a0\u00a0\u00a0\u00a0\u00a0\u00a0\u00a0\u00a0\u00a0\u00a0\u00a0 09123\/184-3028 oder 01520\/467 2049<\/p>\n\n\n\n<p>Mail: &nbsp;&nbsp; &nbsp;&nbsp;&nbsp;&nbsp;&nbsp;&nbsp;&nbsp;&nbsp;&nbsp;&nbsp;&nbsp;&nbsp;&nbsp; <a href=\"mailto:e.depannemaecker@nuernberger-land.de\">e.depannemaecker@nuernberger-land.de<\/a><\/p>\n\n\n\n<p>Teams:&nbsp;&nbsp;&nbsp;&nbsp;&nbsp;&nbsp;&nbsp;&nbsp;&nbsp;&nbsp;&nbsp;&nbsp;&nbsp;  F\u00fcr Sch\u00fclerinnen und Sch\u00fcler<\/p>\n\n\n\n<p>Schulmanager:&nbsp; F\u00fcr Eltern<\/p>\n\n\n\n<h1 class=\"wp-block-heading\"><strong>Was ist JaS?<\/strong><\/h1>\n\n\n\n<p>JaS ist ein Angebot der Jugendhilfe zur Beratung und Unterst\u00fctzung von Sch\u00fclerinnen und Sch\u00fclern, Eltern oder Lehrkr\u00e4ften und bildet eine Br\u00fccke zwischen Schule, Familie und Jugendhilfe. JaS ber\u00e4t, unterst\u00fctzt und begleitet.<\/p>\n\n\n\n<h1 class=\"wp-block-heading\"><strong>JaS ist Ansprechpartner f\u00fcr Sch\u00fclerinnen und Sch\u00fcler<\/strong><\/h1>\n\n\n\n<ul>\n<li>bei Streit mit Freundinnen, Freunden, in der Klasse, \u2026.<\/li>\n\n\n\n<li>bei Schwierigkeiten zu Hause, mit den Eltern, den Geschwistern, \u2026<\/li>\n\n\n\n<li>bei Problemen in der Schule, Angst vor schlechten Noten, \u2026<\/li>\n<\/ul>\n\n\n\n<p><strong>F\u00fcr Eltern und Erziehungsberechtigte<\/strong><\/p>\n\n\n\n<ul>\n<li>bei Problemen im Schulalltag (Selbstorganisation, Lernmotivation, Schulunlust, \u2026)<\/li>\n\n\n\n<li>bei Schwierigkeiten im Alltag (z.B. bzgl. Entwicklung, Verhalten, Aggressivit\u00e4t, \u2026)<\/li>\n\n\n\n<li>hinsichtlich Sozialverhalten des Kindes (wenig Kontakte, R\u00fcckzug, Distanzlosigkeit, \u2026)<\/li>\n\n\n\n<li>bei sonstigen Themen, die Sie und\/oder Ihr Kind besch\u00e4ftigen<\/li>\n<\/ul>\n\n\n\n<p><strong>F\u00fcr Lehrkr\u00e4fte und Schulpersonal<\/strong><\/p>\n\n\n\n<ul>\n<li>bei Konflikten in der Klasse<\/li>\n\n\n\n<li>bei Sorgen \u00fcber einzelne Sch\u00fcler*innen oder ungewohnten Verhaltensver\u00e4nderungen<\/li>\n\n\n\n<li>in Krisensituationen<\/li>\n\n\n\n<li>zur Unterst\u00fctzung bei sozialen Projekten<\/li>\n<\/ul>\n\n\n\n<h1 class=\"wp-block-heading\"><strong>Wie sieht die Arbeit von JaS aus?<\/strong><\/h1>\n\n\n\n<p>JaS arbeitet mit einzelnen Kindern und Jugendlichen, mit Kleingruppen, f\u00fchrt Gespr\u00e4che mit Lehrkr\u00e4ften sowie Elterngespr\u00e4che.<br>Je nach Bedarf bietet JaS verschiedene Projekte an, kooperiert mit anderen Einrichtungen oder vermittelt an Fachstellen weiter.<\/p>\n\n\n\n<p><strong>Sie erreichen mich:<\/strong><\/p>\n\n\n\n<ul>\n<li>Montag und Mittwoch von 7:30 Uhr bis 15:30 Uhr<\/li>\n\n\n\n<li>Dienstag, Donnerstag und Freitag von 7:30 Uhr bis 13:15 Uhr<\/li>\n\n\n\n<li>oder nach Vereinbarung<\/li>\n<\/ul>\n\n\n\n<p>unter den oben angegebenen Kontaktdaten im Zimmer BE.02 (Erdgeschoss).<\/p>\n\n\n\n<p>________________________________________________________________________________________________________________<\/p>\n\n\n\n<p class=\"has-text-align-center\">Alle Gespr\u00e4che unterliegen grunds\u00e4tzlich der Schweigepflicht.<\/p>\n\n\n\n<p class=\"has-text-align-center\">Das Angebot ist freiwillig, kostenlos und ben\u00f6tigt in akuten F\u00e4llen keine Anmeldung.<\/p>\n\n\n\n<p>________________________________________________________________________________________________________________<\/p>\n\n\n\n<p>Ich freue mich auf eine gute Zusammenarbeit mit Ihnen und Ihren Kindern!<\/p>\n\n\n\n<p>Herzliche Gr\u00fc\u00dfe<\/p>\n\n\n\n<p>Elisabeth Depannemaecker<\/p>\n\n\n\n<p>Dipl. Sozialp\u00e4dagogin (FH)<\/p>\n\n\n<div class=\"wp-block-image\">\n<figure class=\"alignright size-full\"><img loading=\"lazy\" decoding=\"async\" width=\"276\" height=\"72\" src=\"https:\/\/ms2lauf.de\/wp-content\/uploads\/2025\/09\/image-2.png\" alt=\"\" class=\"wp-image-995\"\/><\/figure><\/div>","protected":false},"excerpt":{"rendered":"<p>Liebe Sch\u00fclerinnen und Sch\u00fcler, liebe Eltern und Erziehungsberechtigte, immer wieder f\u00fchlen sich Sch\u00fclerinnen und Sch\u00fcler mit bestimmten Themen oder Situationen &hellip; <\/p>\n","protected":false},"author":1,"featured_media":0,"parent":0,"menu_order":0,"comment_status":"closed","ping_status":"closed","template":"","meta":{"footnotes":""},"_links":{"self":[{"href":"https:\/\/ms2lauf.de\/index.php?rest_route=\/wp\/v2\/pages\/25"}],"collection":[{"href":"https:\/\/ms2lauf.de\/index.php?rest_route=\/wp\/v2\/pages"}],"about":[{"href":"https:\/\/ms2lauf.de\/index.php?rest_route=\/wp\/v2\/types\/page"}],"author":[{"embeddable":true,"href":"https:\/\/ms2lauf.de\/index.php?rest_route=\/wp\/v2\/users\/1"}],"replies":[{"embeddable":true,"href":"https:\/\/ms2lauf.de\/index.php?rest_route=%2Fwp%2Fv2%2Fcomments&post=25"}],"version-history":[{"count":7,"href":"https:\/\/ms2lauf.de\/index.php?rest_route=\/wp\/v2\/pages\/25\/revisions"}],"predecessor-version":[{"id":1026,"href":"https:\/\/ms2lauf.de\/index.php?rest_route=\/wp\/v2\/pages\/25\/revisions\/1026"}],"wp:attachment":[{"href":"https:\/\/ms2lauf.de\/index.php?rest_route=%2Fwp%2Fv2%2Fmedia&parent=25"}],"curies":[{"name":"wp","href":"https:\/\/api.w.org\/{rel}","templated":true}]}}