{"id":26,"date":"2020-02-04T18:50:30","date_gmt":"2020-02-04T18:50:30","guid":{"rendered":"http:\/\/ms2lauf.de\/?page_id=26"},"modified":"2025-02-07T06:04:01","modified_gmt":"2025-02-07T06:04:01","slug":"foerderverein","status":"publish","type":"page","link":"https:\/\/ms2lauf.de\/?page_id=26","title":{"rendered":"F\u00f6rderverein"},"content":{"rendered":"\n<p>Die Anforderungen an eine moderne  Schule werden von Jahr zu Jahr gr\u00f6\u00dfer.  Damit die Leistungsf\u00e4higkeit der Schule dauerhaft  gesichert wird, gibt es an der Bertleinschule einen F\u00f6rderverein. <\/p>\n\n\n\n<p>Die Aufgaben des Vereins sind die ideelle und materielle  F\u00f6rderung der Bertleinschule. Darunter f\u00e4llt die Finanzierung vieler Projekte einschlie\u00dflich Sport, Kunst,  Musik oder Theater sowie Ma\u00dfnahmen zur F\u00f6rderung und Erhaltung der Klassen- und Schulgemeinschaften, jeweils nach erfolgreicher Sponsorensuche. Die Organisation, der Aufbau und die  Pflege von Partnerschaften mit Firmen, Vereinen und Organisationen aus Lauf und Umgebung sind  ebenfalls ein wichtiger Baustein. Hierf\u00fcr stellt der Verein auch das rechtliche Fundament zur Verf\u00fcgung.<\/p>\n\n\n\n<div class=\"wp-block-file\"><a href=\"https:\/\/ms2lauf.de\/wp-content\/uploads\/2020\/02\/Satzung-Foerderverein_Bertlein.pdf\">Hier finden Sie die Satzung des F\u00f6rdervereins:<\/a><a href=\"https:\/\/ms2lauf.de\/wp-content\/uploads\/2020\/02\/Satzung-Foerderverein_Bertlein.pdf\" class=\"wp-block-file__button wp-element-button\" download>Herunterladen<\/a><\/div>\n\n\n\n<p><strong>Vorsitz: <\/strong><br>Bernd Falkner<\/p>\n\n\n\n<p><strong>Mitgliedschaft:<\/strong><br>Der F\u00f6rderverein freut sich \u00fcber neue Mitglieder. Dadurch bleibt er leistungsstark. Der Vorstand ist sich  einig, dass sich selbstverst\u00e4ndlich auch ehemalige Sch\u00fcler und Eltern vom F\u00f6rderverein der Bertleinschule  angesprochen f\u00fchlen sollen und freut sich auch \u00fcber Mitgliedschaften aus diesem Personenkreis. Ein  entsprechendes Aufnahmeformular befindet sich hier: <\/p>\n\n\n\n<div class=\"wp-block-file\"><a href=\"https:\/\/ms2lauf.de\/wp-content\/uploads\/2020\/02\/Aufnahmeantrag_Bertlein.pdf\">Hier geht es zum Aufnahmeantrag:<\/a><a href=\"https:\/\/ms2lauf.de\/wp-content\/uploads\/2020\/02\/Aufnahmeantrag_Bertlein.pdf\" class=\"wp-block-file__button wp-element-button\" download>Herunterladen<\/a><\/div>\n","protected":false},"excerpt":{"rendered":"<p>Die Anforderungen an eine moderne Schule werden von Jahr zu Jahr gr\u00f6\u00dfer. Damit die Leistungsf\u00e4higkeit der Schule dauerhaft gesichert wird, &hellip; <\/p>\n","protected":false},"author":2,"featured_media":0,"parent":0,"menu_order":0,"comment_status":"closed","ping_status":"closed","template":"","meta":{"footnotes":""},"_links":{"self":[{"href":"https:\/\/ms2lauf.de\/index.php?rest_route=\/wp\/v2\/pages\/26"}],"collection":[{"href":"https:\/\/ms2lauf.de\/index.php?rest_route=\/wp\/v2\/pages"}],"about":[{"href":"https:\/\/ms2lauf.de\/index.php?rest_route=\/wp\/v2\/types\/page"}],"author":[{"embeddable":true,"href":"https:\/\/ms2lauf.de\/index.php?rest_route=\/wp\/v2\/users\/2"}],"replies":[{"embeddable":true,"href":"https:\/\/ms2lauf.de\/index.php?rest_route=%2Fwp%2Fv2%2Fcomments&post=26"}],"version-history":[{"count":4,"href":"https:\/\/ms2lauf.de\/index.php?rest_route=\/wp\/v2\/pages\/26\/revisions"}],"predecessor-version":[{"id":816,"href":"https:\/\/ms2lauf.de\/index.php?rest_route=\/wp\/v2\/pages\/26\/revisions\/816"}],"wp:attachment":[{"href":"https:\/\/ms2lauf.de\/index.php?rest_route=%2Fwp%2Fv2%2Fmedia&parent=26"}],"curies":[{"name":"wp","href":"https:\/\/api.w.org\/{rel}","templated":true}]}}